{"id":65,"date":"2025-08-17T18:15:22","date_gmt":"2025-08-17T18:15:22","guid":{"rendered":"https:\/\/simpletechprod.com\/?page_id=65"},"modified":"2025-09-14T08:37:17","modified_gmt":"2025-09-14T07:37:17","slug":"accueil","status":"publish","type":"page","link":"https:\/\/simpletechprod.com\/","title":{"rendered":"Accueil"},"content":{"rendered":"\n<header class=\"wp-block-group simpletech-header has-background is-horizontal is-content-justification-left is-nowrap is-layout-flex wp-container-core-group-is-layout-e0598304 wp-block-group-is-layout-flex\" style=\"background-color:#243546\">\n<h1 class=\"wp-block-heading has-text-align-left has-white-color has-text-color has-link-color wp-elements-7b3f668178d092f56946b5bdfc4e52c6\">Le compl\u00e9ment de cours officiel de la cha\u00eene SimpleTech.<\/h1>\n\n\n\n<figure class=\"wp-block-image size-large is-resized\"><img loading=\"lazy\" decoding=\"async\" width=\"1024\" height=\"1024\" src=\"https:\/\/simpletechprod.com\/wp-content\/uploads\/2025\/08\/photo-1024x1024.png\" alt=\"\" class=\"wp-image-150\" style=\"width:197px;height:auto\" srcset=\"https:\/\/simpletechprod.com\/wp-content\/uploads\/2025\/08\/photo-1024x1024.png 1024w, https:\/\/simpletechprod.com\/wp-content\/uploads\/2025\/08\/photo-300x300.png 300w, https:\/\/simpletechprod.com\/wp-content\/uploads\/2025\/08\/photo-150x150.png 150w, https:\/\/simpletechprod.com\/wp-content\/uploads\/2025\/08\/photo-768x768.png 768w, https:\/\/simpletechprod.com\/wp-content\/uploads\/2025\/08\/photo-75x75.png 75w, https:\/\/simpletechprod.com\/wp-content\/uploads\/2025\/08\/photo.png 1080w\" sizes=\"auto, (max-width: 1024px) 100vw, 1024px\" \/><\/figure>\n<\/header>\n\n\n\n<div class=\"wp-block-group join-community\"><div class=\"wp-block-group__inner-container is-layout-constrained wp-block-group-is-layout-constrained\">\n<h2 class=\"wp-block-heading has-text-align-center\">Rejoignez la communaut\u00e9<\/h2>\n\n\n\n<div class=\"wp-block-columns is-layout-flex wp-container-core-columns-is-layout-9d6595d7 wp-block-columns-is-layout-flex\">\n<div class=\"wp-block-column is-layout-flow wp-block-column-is-layout-flow\">\n<figure class=\"wp-block-image size-large\"><img loading=\"lazy\" decoding=\"async\" width=\"1024\" height=\"451\" src=\"https:\/\/simpletechprod.com\/wp-content\/uploads\/2025\/09\/videos-sample-overview-1024x451.png\" alt=\"\" class=\"wp-image-626\" srcset=\"https:\/\/simpletechprod.com\/wp-content\/uploads\/2025\/09\/videos-sample-overview-1024x451.png 1024w, https:\/\/simpletechprod.com\/wp-content\/uploads\/2025\/09\/videos-sample-overview-300x132.png 300w, https:\/\/simpletechprod.com\/wp-content\/uploads\/2025\/09\/videos-sample-overview-768x339.png 768w, https:\/\/simpletechprod.com\/wp-content\/uploads\/2025\/09\/videos-sample-overview-1536x677.png 1536w, https:\/\/simpletechprod.com\/wp-content\/uploads\/2025\/09\/videos-sample-overview-2048x903.png 2048w, https:\/\/simpletechprod.com\/wp-content\/uploads\/2025\/09\/videos-sample-overview-1140x503.png 1140w\" sizes=\"auto, (max-width: 1024px) 100vw, 1024px\" \/><\/figure>\n<\/div>\n\n\n\n<div class=\"wp-block-column is-layout-flow wp-block-column-is-layout-flow\">\n<p>Nos cours sur YouTube cumulent plus de 750.000 vues et plus de 60.000 heures de visionnage. <\/p>\n\n\n\n<p>Rejoignez notre communaut\u00e9 et profitez des diff\u00e9rents avantages r\u00e9serv\u00e9s \u00e0 nos membres.<\/p>\n\n\n\n<div class=\"wp-block-buttons is-layout-flex wp-block-buttons-is-layout-flex\">\n<div class=\"wp-block-button\"><a class=\"wp-block-button__link wp-element-button\" href=\"#offres\">Devenir membre<\/a><\/div>\n<\/div>\n<\/div>\n<\/div>\n<\/div><\/div>\n\n\n\n<h2 class=\"wp-block-heading has-text-align-center\">Nos offres<\/h2>\n\n\n\n<div class=\"wp-block-columns prices is-layout-flex wp-container-core-columns-is-layout-9d6595d7 wp-block-columns-is-layout-flex\" id=\"offres\">\n<div class=\"wp-block-column is-layout-flow wp-block-column-is-layout-flow\">\n<h2 class=\"wp-block-heading\">Essentiel<\/h2>\n\n\n\n<p>Gratuit<\/p>\n\n\n\n<ul class=\"wp-block-list\">\n<li><strong>Acc\u00e8s \u00e0 tous les cours<\/strong><\/li>\n\n\n\n<li><strong>Acc\u00e8s \u00e0 la section commentaires<\/strong><\/li>\n\n\n\n<li><strong>T\u00e9l\u00e9chargement des cours au format PDF<\/strong><\/li>\n<\/ul>\n\n\n<div class=\"wp-block-llms-access-plan-button\"><a class=\"llms-button-primary default\" href=\"https:\/\/simpletechprod.com\/?page_id=468&#038;plan=427\" title=\"Essentiel\" aria-label=\"Inscrivez-vous maintenant: Select the Essentiel plan.\">S&rsquo;abonner<\/a><\/div><\/div>\n\n\n\n<div class=\"wp-block-column is-layout-flow wp-block-column-is-layout-flow\">\n<h2 class=\"wp-block-heading\">Standard<\/h2>\n\n\n\n<p>9,99 \u20ac \/ mois<\/p>\n\n\n\n<ul class=\"wp-block-list\">\n<li>Acc\u00e8s \u00e0 tous les cours<\/li>\n\n\n\n<li>Acc\u00e8s \u00e0 la section commentaires<\/li>\n\n\n\n<li>T\u00e9l\u00e9chargement des cours au format PDF<\/li>\n\n\n\n<li><strong>Acc\u00e8s au code source<\/strong><\/li>\n\n\n\n<li><strong>Acc\u00e8s aux QCMs<\/strong><\/li>\n<\/ul>\n\n\n<div class=\"wp-block-llms-access-plan-button\"><a class=\"llms-button-primary default\" href=\"https:\/\/simpletechprod.com\/?page_id=468&#038;plan=440\" title=\"Standard\" aria-label=\"Inscrivez-vous maintenant: Select the Standard plan.\">S&rsquo;abonner<\/a><\/div><\/div>\n\n\n\n<div class=\"wp-block-column is-layout-flow wp-block-column-is-layout-flow\">\n<h2 class=\"wp-block-heading\">Premium<\/h2>\n\n\n\n<p>99,99 \u20ac \/ mois<\/p>\n\n\n\n<ul class=\"wp-block-list\">\n<li>Acc\u00e8s \u00e0 tous les cours<\/li>\n\n\n\n<li>Acc\u00e8s \u00e0 la section commentaires<\/li>\n\n\n\n<li>T\u00e9l\u00e9chargement des cours au format PDF<\/li>\n\n\n\n<li>Acc\u00e8s au code source<\/li>\n\n\n\n<li>Acc\u00e8s aux QCMs<\/li>\n\n\n\n<li><strong>Une visioconf\u00e9rence de 30min par mois o\u00f9 vous pouvez me poser vos question sur la mati\u00e8re des cours (non cumulable)<\/strong><\/li>\n<\/ul>\n\n\n<div class=\"wp-block-llms-access-plan-button\"><a class=\"llms-button-primary default\" href=\"https:\/\/simpletechprod.com\/?page_id=468&#038;plan=443\" title=\"Premium\" aria-label=\"Inscrivez-vous maintenant: Select the Premium plan.\">S&rsquo;abonner<\/a><\/div><\/div>\n<\/div>\n\n\n\n<h2 class=\"wp-block-heading has-text-align-center\">Nos cours<\/h2>\n\n\n\n<div class=\"wp-block-columns course-card-container is-layout-flex wp-container-core-columns-is-layout-9d6595d7 wp-block-columns-is-layout-flex\">\n<div class=\"wp-block-column course-card is-layout-flow wp-block-column-is-layout-flow\">\n<figure class=\"wp-block-image size-medium\"><img loading=\"lazy\" decoding=\"async\" width=\"300\" height=\"169\" src=\"https:\/\/simpletechprod.com\/wp-content\/uploads\/2025\/08\/iMac-109-300x169.png\" alt=\"\" class=\"wp-image-133\" style=\"aspect-ratio:16\/9;object-fit:cover\" srcset=\"https:\/\/simpletechprod.com\/wp-content\/uploads\/2025\/08\/iMac-109-300x169.png 300w, https:\/\/simpletechprod.com\/wp-content\/uploads\/2025\/08\/iMac-109-1024x576.png 1024w, https:\/\/simpletechprod.com\/wp-content\/uploads\/2025\/08\/iMac-109-768x432.png 768w, https:\/\/simpletechprod.com\/wp-content\/uploads\/2025\/08\/iMac-109-1536x864.png 1536w, https:\/\/simpletechprod.com\/wp-content\/uploads\/2025\/08\/iMac-109-2048x1152.png 2048w, https:\/\/simpletechprod.com\/wp-content\/uploads\/2025\/08\/iMac-109-1140x641.png 1140w\" sizes=\"auto, (max-width: 300px) 100vw, 300px\" \/><\/figure>\n\n\n\n<h2 class=\"wp-block-heading\">Python pour d\u00e9butants<\/h2>\n\n\n\n<p>Dans ce cours, vous apprendrez \u00e0 ma\u00eetriser le Python \u00e0 partir de z\u00e9ro.<\/p>\n\n\n\n<div class=\"wp-block-buttons is-layout-flex wp-block-buttons-is-layout-flex\">\n<div class=\"wp-block-button\"><a class=\"wp-block-button__link wp-element-button\" href=\"https:\/\/simpletechprod.com\/?course=python-pour-debutants\">En lire plus<\/a><\/div>\n<\/div>\n<\/div>\n\n\n\n<div class=\"wp-block-column is-vertically-aligned-stretch course-card is-layout-flow wp-block-column-is-layout-flow\">\n<figure class=\"wp-block-image size-medium\"><img loading=\"lazy\" decoding=\"async\" width=\"300\" height=\"169\" src=\"https:\/\/simpletechprod.com\/wp-content\/uploads\/2025\/09\/angular-18-300x169.png\" alt=\"\" class=\"wp-image-640\" style=\"aspect-ratio:16\/9;object-fit:cover\" srcset=\"https:\/\/simpletechprod.com\/wp-content\/uploads\/2025\/09\/angular-18-300x169.png 300w, https:\/\/simpletechprod.com\/wp-content\/uploads\/2025\/09\/angular-18-1024x576.png 1024w, https:\/\/simpletechprod.com\/wp-content\/uploads\/2025\/09\/angular-18-768x432.png 768w, https:\/\/simpletechprod.com\/wp-content\/uploads\/2025\/09\/angular-18-1536x864.png 1536w, https:\/\/simpletechprod.com\/wp-content\/uploads\/2025\/09\/angular-18-2048x1152.png 2048w, https:\/\/simpletechprod.com\/wp-content\/uploads\/2025\/09\/angular-18-1140x641.png 1140w\" sizes=\"auto, (max-width: 300px) 100vw, 300px\" \/><\/figure>\n\n\n\n<h2 class=\"wp-block-heading\">Angular 18 pour d\u00e9butants<\/h2>\n\n\n\n<p>Dans ce cours, vous apprendrez \u00e0 ma\u00eetriser Angular 18. Pour suivre ce cours, il vous faudra des bases en HTML, CSS et Javascript.<\/p>\n\n\n\n<div class=\"wp-block-buttons is-layout-flex wp-block-buttons-is-layout-flex\">\n<div class=\"wp-block-button\"><a class=\"wp-block-button__link wp-element-button\" href=\"https:\/\/simpletechprod.com\/?course=angular-18-pour-debutants\">En lire plus<\/a><\/div>\n<\/div>\n<\/div>\n\n\n\n<div class=\"wp-block-column is-vertically-aligned-stretch course-card is-layout-flow wp-block-column-is-layout-flow\">\n<figure class=\"wp-block-image size-large\"><img loading=\"lazy\" decoding=\"async\" width=\"1024\" height=\"576\" src=\"https:\/\/simpletechprod.com\/wp-content\/uploads\/2025\/09\/iMac-110-1024x576.png\" alt=\"\" class=\"wp-image-1341\" srcset=\"https:\/\/simpletechprod.com\/wp-content\/uploads\/2025\/09\/iMac-110-1024x576.png 1024w, https:\/\/simpletechprod.com\/wp-content\/uploads\/2025\/09\/iMac-110-300x169.png 300w, https:\/\/simpletechprod.com\/wp-content\/uploads\/2025\/09\/iMac-110-768x432.png 768w, https:\/\/simpletechprod.com\/wp-content\/uploads\/2025\/09\/iMac-110-1536x864.png 1536w, https:\/\/simpletechprod.com\/wp-content\/uploads\/2025\/09\/iMac-110-2048x1152.png 2048w, https:\/\/simpletechprod.com\/wp-content\/uploads\/2025\/09\/iMac-110-1140x641.png 1140w\" sizes=\"auto, (max-width: 1024px) 100vw, 1024px\" \/><\/figure>\n\n\n\n<h2 class=\"wp-block-heading\">Angular en 2025 pour d\u00e9butants<\/h2>\n\n\n\n<p>Dans ce cours, vous apprendrez \u00e0 ma\u00eetriser les versions les plus r\u00e9centes d&rsquo;Angular (20+). Pour suivre ce cours, il vous faudra des bases en HTML, CSS et Javascript.<\/p>\n\n\n\n<div class=\"wp-block-buttons is-layout-flex wp-block-buttons-is-layout-flex\">\n<div class=\"wp-block-button\"><a class=\"wp-block-button__link wp-element-button\" href=\"https:\/\/simpletechprod.com\/?course=angular-en-2025\">En lire plus<\/a><\/div>\n<\/div>\n<\/div>\n<\/div>\n\n\n\n<div class=\"wp-block-columns are-vertically-aligned-center is-layout-flex wp-container-core-columns-is-layout-9d6595d7 wp-block-columns-is-layout-flex\">\n<div class=\"wp-block-column is-vertically-aligned-center is-layout-flow wp-block-column-is-layout-flow\" style=\"flex-basis:100%\">\n<div class=\"wp-block-buttons is-content-justification-center is-layout-flex wp-container-core-buttons-is-layout-16018d1d wp-block-buttons-is-layout-flex\">\n<div class=\"wp-block-button view-all-courses\"><a class=\"wp-block-button__link wp-element-button\" href=\"https:\/\/simpletechprod.com\/?page_id=37\" rel=\"\">Voir tous les cours<\/a><\/div>\n<\/div>\n<\/div>\n<\/div>\n\n\n\n<h2 class=\"wp-block-heading has-text-align-center\">FAQ<\/h2>\n\n\n\n<details class=\"wp-block-details is-layout-flow wp-block-details-is-layout-flow\"><summary><strong>Comment puis-je annuler mon abonnement ?<\/strong><\/summary>\n<p>Pour annuler votre abonnement, vous devez vous rendre \u00e0 la page \u00ab\u00a0Historique des commandes\u00a0\u00bb que vous trouverez dans le menu \u00ab\u00a0Tableau de bord\u00a0\u00bb. L\u00e0, cliquez sur le num\u00e9ro de la commande que vous souhaitez annuler. Une fois sur la page de la commande, vous trouverez un bouton \u00ab\u00a0annuler l&rsquo;abonnement\u00a0\u00bb en bas de la page.<br><br>Si vous rencontrez des difficult\u00e9s \u00e0 annuler votre abonnement, contactez moi par e-mail \u00e0 simpletechprod(at)gmail.com et on se chargera de traiter votre demande.<\/p>\n<\/details>\n\n\n\n<details class=\"wp-block-details is-layout-flow wp-block-details-is-layout-flow\"><summary><strong>Est-ce que les 30 min de visio incluses dans l&rsquo;abonnement Premium peuvent \u00eatre utilis\u00e9es pour de la consultance sur des projets priv\u00e9s ou professionnels ?<\/strong><\/summary>\n<p>Non. Les 30 min de visio incluses dans l&rsquo;abonnement Premium ne sont destin\u00e9es qu&rsquo;\u00e0 vous aider dans votre apprentissage de la mati\u00e8re des diff\u00e9rents cours. Si vous avez besoin de consultance pour vos projets, vous pouvez contacter notre soci\u00e9t\u00e9 eezyR \u00e0 travers laquelle on pourra vous faire une offre de consultance sur mesure.<\/p>\n<\/details>\n\n\n\n<details class=\"wp-block-details is-layout-flow wp-block-details-is-layout-flow\"><summary><strong>Puis-je acc\u00e9der au code source sans passer par un abonnement payant ?<\/strong><\/summary>\n<p>Non. La r\u00e9daction des cours, ainsi que la pr\u00e9paration des vid\u00e9os et la cr\u00e9ation des QCMs prennent un temps \u00e9norme. L&rsquo;acc\u00e8s au code source et aux QCMs est limit\u00e9 aux abonnements payants, car c&rsquo;est gr\u00e2ce \u00e0 ceux-ci que nous pouvons financer le contenu que nous mettons \u00e0 disposition de la communaut\u00e9.<\/p>\n<\/details>\n","protected":false},"excerpt":{"rendered":"<p>Le compl\u00e9ment de cours officiel de la cha\u00eene SimpleTech. Rejoignez la communaut\u00e9 Nos cours sur YouTube cumulent plus de 750.000 vues et plus de 60.000 heures de visionnage. Rejoignez notre communaut\u00e9 et profitez des diff\u00e9rents avantages r\u00e9serv\u00e9s \u00e0 nos membres. Nos offres Essentiel Gratuit Standard 9,99 \u20ac \/ mois Premium 99,99 \u20ac \/ mois Nos cours Python pour d\u00e9butants Dans ce cours, vous apprendrez \u00e0 ma\u00eetriser le Python \u00e0 partir de z\u00e9ro. Angular 18 pour d\u00e9butants Dans ce cours, vous apprendrez \u00e0 ma\u00eetriser Angular 18. Pour suivre ce cours, il vous faudra des bases en HTML, CSS et Javascript. Angular en 2025 pour d\u00e9butants Dans ce cours, vous apprendrez \u00e0 ma\u00eetriser les versions les plus r\u00e9centes d&rsquo;Angular (20+). Pour suivre ce cours, il vous faudra des bases en HTML, CSS et Javascript. FAQ<\/p>\n","protected":false},"author":1,"featured_media":0,"parent":0,"menu_order":0,"comment_status":"closed","ping_status":"closed","template":"","meta":{"footnotes":""},"class_list":["post-65","page","type-page","status-publish","hentry"],"yoast_head":"<!-- This site is optimized with the Yoast SEO plugin v27.3 - https:\/\/yoast.com\/product\/yoast-seo-wordpress\/ -->\n<title>Accueil - SimpleTech par Sergio Sousa<\/title>\n<meta name=\"robots\" content=\"index, follow, max-snippet:-1, max-image-preview:large, max-video-preview:-1\" \/>\n<link rel=\"canonical\" href=\"https:\/\/simpletechprod.com\/\" \/>\n<meta property=\"og:locale\" content=\"fr_FR\" \/>\n<meta property=\"og:type\" content=\"article\" \/>\n<meta property=\"og:title\" content=\"Accueil - SimpleTech par Sergio Sousa\" \/>\n<meta property=\"og:description\" content=\"Le compl\u00e9ment de cours officiel de la cha\u00eene SimpleTech. Rejoignez la communaut\u00e9 Nos cours sur YouTube cumulent plus de 750.000 vues et plus de 60.000 heures de visionnage. Rejoignez notre communaut\u00e9 et profitez des diff\u00e9rents avantages r\u00e9serv\u00e9s \u00e0 nos membres. Nos offres Essentiel Gratuit Standard 9,99 \u20ac \/ mois Premium 99,99 \u20ac \/ mois Nos cours Python pour d\u00e9butants Dans ce cours, vous apprendrez \u00e0 ma\u00eetriser le Python \u00e0 partir de z\u00e9ro. Angular 18 pour d\u00e9butants Dans ce cours, vous apprendrez \u00e0 ma\u00eetriser Angular 18. Pour suivre ce cours, il vous faudra des bases en HTML, CSS et Javascript. Angular en 2025 pour d\u00e9butants Dans ce cours, vous apprendrez \u00e0 ma\u00eetriser les versions les plus r\u00e9centes d&rsquo;Angular (20+). Pour suivre ce cours, il vous faudra des bases en HTML, CSS et Javascript. FAQ\" \/>\n<meta property=\"og:url\" content=\"https:\/\/simpletechprod.com\/\" \/>\n<meta property=\"og:site_name\" content=\"SimpleTech par Sergio Sousa\" \/>\n<meta property=\"article:modified_time\" content=\"2025-09-14T07:37:17+00:00\" \/>\n<meta property=\"og:image\" content=\"https:\/\/simpletechprod.com\/wp-content\/uploads\/2025\/08\/photo.png\" \/>\n\t<meta property=\"og:image:width\" content=\"1080\" \/>\n\t<meta property=\"og:image:height\" content=\"1080\" \/>\n\t<meta property=\"og:image:type\" content=\"image\/png\" \/>\n<meta name=\"twitter:card\" content=\"summary_large_image\" \/>\n<meta name=\"twitter:label1\" content=\"Dur\u00e9e de lecture estim\u00e9e\" \/>\n\t<meta name=\"twitter:data1\" content=\"2 minutes\" \/>\n<script type=\"application\/ld+json\" class=\"yoast-schema-graph\">{\"@context\":\"https:\\\/\\\/schema.org\",\"@graph\":[{\"@type\":\"WebPage\",\"@id\":\"https:\\\/\\\/simpletechprod.com\\\/\",\"url\":\"https:\\\/\\\/simpletechprod.com\\\/\",\"name\":\"Accueil - SimpleTech par Sergio Sousa\",\"isPartOf\":{\"@id\":\"https:\\\/\\\/simpletechprod.com\\\/#website\"},\"primaryImageOfPage\":{\"@id\":\"https:\\\/\\\/simpletechprod.com\\\/#primaryimage\"},\"image\":{\"@id\":\"https:\\\/\\\/simpletechprod.com\\\/#primaryimage\"},\"thumbnailUrl\":\"https:\\\/\\\/simpletechprod.com\\\/wp-content\\\/uploads\\\/2025\\\/08\\\/photo-1024x1024.png\",\"datePublished\":\"2025-08-17T18:15:22+00:00\",\"dateModified\":\"2025-09-14T07:37:17+00:00\",\"breadcrumb\":{\"@id\":\"https:\\\/\\\/simpletechprod.com\\\/#breadcrumb\"},\"inLanguage\":\"fr-FR\",\"potentialAction\":[{\"@type\":\"ReadAction\",\"target\":[\"https:\\\/\\\/simpletechprod.com\\\/\"]}]},{\"@type\":\"ImageObject\",\"inLanguage\":\"fr-FR\",\"@id\":\"https:\\\/\\\/simpletechprod.com\\\/#primaryimage\",\"url\":\"https:\\\/\\\/simpletechprod.com\\\/wp-content\\\/uploads\\\/2025\\\/08\\\/photo.png\",\"contentUrl\":\"https:\\\/\\\/simpletechprod.com\\\/wp-content\\\/uploads\\\/2025\\\/08\\\/photo.png\",\"width\":1080,\"height\":1080},{\"@type\":\"BreadcrumbList\",\"@id\":\"https:\\\/\\\/simpletechprod.com\\\/#breadcrumb\",\"itemListElement\":[{\"@type\":\"ListItem\",\"position\":1,\"name\":\"Accueil\",\"item\":\"https:\\\/\\\/simpletechprod.com\\\/\"},{\"@type\":\"ListItem\",\"position\":2,\"name\":\"Accueil\"}]},{\"@type\":\"WebSite\",\"@id\":\"https:\\\/\\\/simpletechprod.com\\\/#website\",\"url\":\"https:\\\/\\\/simpletechprod.com\\\/\",\"name\":\"SimpleTech par Sergio Sousa\",\"description\":\"\",\"publisher\":{\"@id\":\"https:\\\/\\\/simpletechprod.com\\\/#organization\"},\"potentialAction\":[{\"@type\":\"SearchAction\",\"target\":{\"@type\":\"EntryPoint\",\"urlTemplate\":\"https:\\\/\\\/simpletechprod.com\\\/?s={search_term_string}\"},\"query-input\":{\"@type\":\"PropertyValueSpecification\",\"valueRequired\":true,\"valueName\":\"search_term_string\"}}],\"inLanguage\":\"fr-FR\"},{\"@type\":\"Organization\",\"@id\":\"https:\\\/\\\/simpletechprod.com\\\/#organization\",\"name\":\"SimpleTech par Sergio Sousa\",\"url\":\"https:\\\/\\\/simpletechprod.com\\\/\",\"logo\":{\"@type\":\"ImageObject\",\"inLanguage\":\"fr-FR\",\"@id\":\"https:\\\/\\\/simpletechprod.com\\\/#\\\/schema\\\/logo\\\/image\\\/\",\"url\":\"https:\\\/\\\/simpletechprod.com\\\/wp-content\\\/uploads\\\/2025\\\/08\\\/header.png\",\"contentUrl\":\"https:\\\/\\\/simpletechprod.com\\\/wp-content\\\/uploads\\\/2025\\\/08\\\/header.png\",\"width\":1500,\"height\":816,\"caption\":\"SimpleTech par Sergio Sousa\"},\"image\":{\"@id\":\"https:\\\/\\\/simpletechprod.com\\\/#\\\/schema\\\/logo\\\/image\\\/\"},\"sameAs\":[\"https:\\\/\\\/www.youtube.com\\\/channel\\\/UCIlhuaZJTbfiHju0GY2Fxrg\\\/\"]}]}<\/script>\n<!-- \/ Yoast SEO plugin. -->","yoast_head_json":{"title":"Accueil - SimpleTech par Sergio Sousa","robots":{"index":"index","follow":"follow","max-snippet":"max-snippet:-1","max-image-preview":"max-image-preview:large","max-video-preview":"max-video-preview:-1"},"canonical":"https:\/\/simpletechprod.com\/","og_locale":"fr_FR","og_type":"article","og_title":"Accueil - SimpleTech par Sergio Sousa","og_description":"Le compl\u00e9ment de cours officiel de la cha\u00eene SimpleTech. Rejoignez la communaut\u00e9 Nos cours sur YouTube cumulent plus de 750.000 vues et plus de 60.000 heures de visionnage. Rejoignez notre communaut\u00e9 et profitez des diff\u00e9rents avantages r\u00e9serv\u00e9s \u00e0 nos membres. Nos offres Essentiel Gratuit Standard 9,99 \u20ac \/ mois Premium 99,99 \u20ac \/ mois Nos cours Python pour d\u00e9butants Dans ce cours, vous apprendrez \u00e0 ma\u00eetriser le Python \u00e0 partir de z\u00e9ro. Angular 18 pour d\u00e9butants Dans ce cours, vous apprendrez \u00e0 ma\u00eetriser Angular 18. Pour suivre ce cours, il vous faudra des bases en HTML, CSS et Javascript. Angular en 2025 pour d\u00e9butants Dans ce cours, vous apprendrez \u00e0 ma\u00eetriser les versions les plus r\u00e9centes d&rsquo;Angular (20+). Pour suivre ce cours, il vous faudra des bases en HTML, CSS et Javascript. FAQ","og_url":"https:\/\/simpletechprod.com\/","og_site_name":"SimpleTech par Sergio Sousa","article_modified_time":"2025-09-14T07:37:17+00:00","og_image":[{"width":1080,"height":1080,"url":"https:\/\/simpletechprod.com\/wp-content\/uploads\/2025\/08\/photo.png","type":"image\/png"}],"twitter_card":"summary_large_image","twitter_misc":{"Dur\u00e9e de lecture estim\u00e9e":"2 minutes"},"schema":{"@context":"https:\/\/schema.org","@graph":[{"@type":"WebPage","@id":"https:\/\/simpletechprod.com\/","url":"https:\/\/simpletechprod.com\/","name":"Accueil - SimpleTech par Sergio Sousa","isPartOf":{"@id":"https:\/\/simpletechprod.com\/#website"},"primaryImageOfPage":{"@id":"https:\/\/simpletechprod.com\/#primaryimage"},"image":{"@id":"https:\/\/simpletechprod.com\/#primaryimage"},"thumbnailUrl":"https:\/\/simpletechprod.com\/wp-content\/uploads\/2025\/08\/photo-1024x1024.png","datePublished":"2025-08-17T18:15:22+00:00","dateModified":"2025-09-14T07:37:17+00:00","breadcrumb":{"@id":"https:\/\/simpletechprod.com\/#breadcrumb"},"inLanguage":"fr-FR","potentialAction":[{"@type":"ReadAction","target":["https:\/\/simpletechprod.com\/"]}]},{"@type":"ImageObject","inLanguage":"fr-FR","@id":"https:\/\/simpletechprod.com\/#primaryimage","url":"https:\/\/simpletechprod.com\/wp-content\/uploads\/2025\/08\/photo.png","contentUrl":"https:\/\/simpletechprod.com\/wp-content\/uploads\/2025\/08\/photo.png","width":1080,"height":1080},{"@type":"BreadcrumbList","@id":"https:\/\/simpletechprod.com\/#breadcrumb","itemListElement":[{"@type":"ListItem","position":1,"name":"Accueil","item":"https:\/\/simpletechprod.com\/"},{"@type":"ListItem","position":2,"name":"Accueil"}]},{"@type":"WebSite","@id":"https:\/\/simpletechprod.com\/#website","url":"https:\/\/simpletechprod.com\/","name":"SimpleTech par Sergio Sousa","description":"","publisher":{"@id":"https:\/\/simpletechprod.com\/#organization"},"potentialAction":[{"@type":"SearchAction","target":{"@type":"EntryPoint","urlTemplate":"https:\/\/simpletechprod.com\/?s={search_term_string}"},"query-input":{"@type":"PropertyValueSpecification","valueRequired":true,"valueName":"search_term_string"}}],"inLanguage":"fr-FR"},{"@type":"Organization","@id":"https:\/\/simpletechprod.com\/#organization","name":"SimpleTech par Sergio Sousa","url":"https:\/\/simpletechprod.com\/","logo":{"@type":"ImageObject","inLanguage":"fr-FR","@id":"https:\/\/simpletechprod.com\/#\/schema\/logo\/image\/","url":"https:\/\/simpletechprod.com\/wp-content\/uploads\/2025\/08\/header.png","contentUrl":"https:\/\/simpletechprod.com\/wp-content\/uploads\/2025\/08\/header.png","width":1500,"height":816,"caption":"SimpleTech par Sergio Sousa"},"image":{"@id":"https:\/\/simpletechprod.com\/#\/schema\/logo\/image\/"},"sameAs":["https:\/\/www.youtube.com\/channel\/UCIlhuaZJTbfiHju0GY2Fxrg\/"]}]}},"_links":{"self":[{"href":"https:\/\/simpletechprod.com\/index.php?rest_route=\/wp\/v2\/pages\/65","targetHints":{"allow":["GET"]}}],"collection":[{"href":"https:\/\/simpletechprod.com\/index.php?rest_route=\/wp\/v2\/pages"}],"about":[{"href":"https:\/\/simpletechprod.com\/index.php?rest_route=\/wp\/v2\/types\/page"}],"author":[{"embeddable":true,"href":"https:\/\/simpletechprod.com\/index.php?rest_route=\/wp\/v2\/users\/1"}],"replies":[{"embeddable":true,"href":"https:\/\/simpletechprod.com\/index.php?rest_route=%2Fwp%2Fv2%2Fcomments&post=65"}],"version-history":[{"count":44,"href":"https:\/\/simpletechprod.com\/index.php?rest_route=\/wp\/v2\/pages\/65\/revisions"}],"predecessor-version":[{"id":1395,"href":"https:\/\/simpletechprod.com\/index.php?rest_route=\/wp\/v2\/pages\/65\/revisions\/1395"}],"wp:attachment":[{"href":"https:\/\/simpletechprod.com\/index.php?rest_route=%2Fwp%2Fv2%2Fmedia&parent=65"}],"curies":[{"name":"wp","href":"https:\/\/api.w.org\/{rel}","templated":true}]}}