{"id":37,"date":"2025-08-17T17:54:22","date_gmt":"2025-08-17T17:54:22","guid":{"rendered":"https:\/\/simpletechprod.com\/?page_id=37"},"modified":"2025-09-14T08:00:19","modified_gmt":"2025-09-14T07:00:19","slug":"nos-cours","status":"publish","type":"page","link":"https:\/\/simpletechprod.com\/?page_id=37","title":{"rendered":"Nos cours"},"content":{"rendered":"\n<h2 class=\"wp-block-heading has-text-align-center\">Nos cours<\/h2>\n\n\n\n<div class=\"wp-block-columns course-card-container is-layout-flex wp-container-core-columns-is-layout-9d6595d7 wp-block-columns-is-layout-flex\">\n<div class=\"wp-block-column course-card is-layout-flow wp-block-column-is-layout-flow\">\n<figure class=\"wp-block-image size-medium\"><img loading=\"lazy\" decoding=\"async\" width=\"300\" height=\"169\" src=\"https:\/\/simpletechprod.com\/wp-content\/uploads\/2025\/08\/iMac-109-300x169.png\" alt=\"\" class=\"wp-image-133\" style=\"aspect-ratio:16\/9;object-fit:cover\" srcset=\"https:\/\/simpletechprod.com\/wp-content\/uploads\/2025\/08\/iMac-109-300x169.png 300w, https:\/\/simpletechprod.com\/wp-content\/uploads\/2025\/08\/iMac-109-1024x576.png 1024w, https:\/\/simpletechprod.com\/wp-content\/uploads\/2025\/08\/iMac-109-768x432.png 768w, https:\/\/simpletechprod.com\/wp-content\/uploads\/2025\/08\/iMac-109-1536x864.png 1536w, https:\/\/simpletechprod.com\/wp-content\/uploads\/2025\/08\/iMac-109-2048x1152.png 2048w, https:\/\/simpletechprod.com\/wp-content\/uploads\/2025\/08\/iMac-109-1140x641.png 1140w\" sizes=\"auto, (max-width: 300px) 100vw, 300px\" \/><\/figure>\n\n\n\n<h2 class=\"wp-block-heading\">Python pour d\u00e9butants<\/h2>\n\n\n\n<p>Dans ce cours, vous apprendrez \u00e0 ma\u00eetriser le Python \u00e0 partir de z\u00e9ro.<\/p>\n\n\n\n<div class=\"wp-block-buttons is-layout-flex wp-block-buttons-is-layout-flex\">\n<div class=\"wp-block-button\"><a class=\"wp-block-button__link wp-element-button\" href=\"https:\/\/simpletechprod.com\/?course=python-pour-debutants\">En lire plus<\/a><\/div>\n<\/div>\n<\/div>\n\n\n\n<div class=\"wp-block-column is-vertically-aligned-stretch course-card is-layout-flow wp-block-column-is-layout-flow\">\n<figure class=\"wp-block-image size-medium\"><img loading=\"lazy\" decoding=\"async\" width=\"300\" height=\"169\" src=\"https:\/\/simpletechprod.com\/wp-content\/uploads\/2025\/09\/angular-18-300x169.png\" alt=\"\" class=\"wp-image-640\" style=\"aspect-ratio:16\/9;object-fit:cover\" srcset=\"https:\/\/simpletechprod.com\/wp-content\/uploads\/2025\/09\/angular-18-300x169.png 300w, https:\/\/simpletechprod.com\/wp-content\/uploads\/2025\/09\/angular-18-1024x576.png 1024w, https:\/\/simpletechprod.com\/wp-content\/uploads\/2025\/09\/angular-18-768x432.png 768w, https:\/\/simpletechprod.com\/wp-content\/uploads\/2025\/09\/angular-18-1536x864.png 1536w, https:\/\/simpletechprod.com\/wp-content\/uploads\/2025\/09\/angular-18-2048x1152.png 2048w, https:\/\/simpletechprod.com\/wp-content\/uploads\/2025\/09\/angular-18-1140x641.png 1140w\" sizes=\"auto, (max-width: 300px) 100vw, 300px\" \/><\/figure>\n\n\n\n<h2 class=\"wp-block-heading\">Angular 18 pour d\u00e9butants<\/h2>\n\n\n\n<p>Dans ce cours, vous apprendrez \u00e0 ma\u00eetriser Angular 18. Pour suivre ce cours, il vous faudra des bases en HTML, CSS et Javascript.<\/p>\n\n\n\n<div class=\"wp-block-buttons is-layout-flex wp-block-buttons-is-layout-flex\">\n<div class=\"wp-block-button\"><a class=\"wp-block-button__link wp-element-button\" href=\"https:\/\/simpletechprod.com\/?course=angular-18-pour-debutants\">En lire plus<\/a><\/div>\n<\/div>\n<\/div>\n\n\n\n<div class=\"wp-block-column course-card is-layout-flow wp-block-column-is-layout-flow\">\n<figure class=\"wp-block-image size-large\"><img loading=\"lazy\" decoding=\"async\" width=\"1024\" height=\"576\" src=\"https:\/\/simpletechprod.com\/wp-content\/uploads\/2025\/09\/iMac-110-1024x576.png\" alt=\"\" class=\"wp-image-1341\" srcset=\"https:\/\/simpletechprod.com\/wp-content\/uploads\/2025\/09\/iMac-110-1024x576.png 1024w, https:\/\/simpletechprod.com\/wp-content\/uploads\/2025\/09\/iMac-110-300x169.png 300w, https:\/\/simpletechprod.com\/wp-content\/uploads\/2025\/09\/iMac-110-768x432.png 768w, https:\/\/simpletechprod.com\/wp-content\/uploads\/2025\/09\/iMac-110-1536x864.png 1536w, https:\/\/simpletechprod.com\/wp-content\/uploads\/2025\/09\/iMac-110-2048x1152.png 2048w, https:\/\/simpletechprod.com\/wp-content\/uploads\/2025\/09\/iMac-110-1140x641.png 1140w\" sizes=\"auto, (max-width: 1024px) 100vw, 1024px\" \/><\/figure>\n\n\n\n<h2 class=\"wp-block-heading\">Angular en 2025 pour d\u00e9butants<\/h2>\n\n\n\n<p>Dans ce cours, vous apprendrez \u00e0 ma\u00eetriser les versions les plus r\u00e9centes d&rsquo;Angular (20+). Pour suivre ce cours, il vous faudra des bases en HTML, CSS et Javascript.<\/p>\n\n\n\n<div class=\"wp-block-buttons is-layout-flex wp-block-buttons-is-layout-flex\">\n<div class=\"wp-block-button\"><a class=\"wp-block-button__link wp-element-button\" href=\"https:\/\/simpletechprod.com\/?course=angular-en-2025\">En lire plus<\/a><\/div>\n<\/div>\n<\/div>\n<\/div>\n\n\n\n<div class=\"wp-block-columns course-card-container is-layout-flex wp-container-core-columns-is-layout-9d6595d7 wp-block-columns-is-layout-flex\">\n<div class=\"wp-block-column course-card is-layout-flow wp-block-column-is-layout-flow\">\n<figure class=\"wp-block-image size-medium\"><img loading=\"lazy\" decoding=\"async\" width=\"300\" height=\"169\" src=\"https:\/\/simpletechprod.com\/wp-content\/uploads\/2025\/09\/libs-python-300x169.png\" alt=\"\" class=\"wp-image-1347\" style=\"aspect-ratio:16\/9;object-fit:cover\" srcset=\"https:\/\/simpletechprod.com\/wp-content\/uploads\/2025\/09\/libs-python-300x169.png 300w, https:\/\/simpletechprod.com\/wp-content\/uploads\/2025\/09\/libs-python-1024x576.png 1024w, https:\/\/simpletechprod.com\/wp-content\/uploads\/2025\/09\/libs-python-768x432.png 768w, https:\/\/simpletechprod.com\/wp-content\/uploads\/2025\/09\/libs-python-1536x864.png 1536w, https:\/\/simpletechprod.com\/wp-content\/uploads\/2025\/09\/libs-python-2048x1152.png 2048w, https:\/\/simpletechprod.com\/wp-content\/uploads\/2025\/09\/libs-python-1140x641.png 1140w\" sizes=\"auto, (max-width: 300px) 100vw, 300px\" \/><\/figure>\n\n\n\n<h2 class=\"wp-block-heading\">Python &#8211; Librairies \u00e0 conna\u00eetre<\/h2>\n\n\n\n<p>Dans ce cours, je vous pr\u00e9sente des librairies utiles que vous pouvez utiliser en Python.<\/p>\n\n\n\n<div class=\"wp-block-buttons is-layout-flex wp-block-buttons-is-layout-flex\">\n<div class=\"wp-block-button\"><a class=\"wp-block-button__link wp-element-button\" href=\"https:\/\/simpletechprod.com\/?course=librairies-python-a-connaitre\">En lire plus<\/a><\/div>\n<\/div>\n<\/div>\n\n\n\n<div class=\"wp-block-column is-vertically-aligned-stretch course-card is-layout-flow wp-block-column-is-layout-flow\">\n<figure class=\"wp-block-image size-medium\"><img loading=\"lazy\" decoding=\"async\" width=\"300\" height=\"169\" src=\"https:\/\/simpletechprod.com\/wp-content\/uploads\/2025\/09\/iMac-116-300x169.png\" alt=\"\" class=\"wp-image-1324\" style=\"aspect-ratio:16\/9;object-fit:cover\" srcset=\"https:\/\/simpletechprod.com\/wp-content\/uploads\/2025\/09\/iMac-116-300x169.png 300w, https:\/\/simpletechprod.com\/wp-content\/uploads\/2025\/09\/iMac-116-1024x576.png 1024w, https:\/\/simpletechprod.com\/wp-content\/uploads\/2025\/09\/iMac-116-768x432.png 768w, https:\/\/simpletechprod.com\/wp-content\/uploads\/2025\/09\/iMac-116-1536x864.png 1536w, https:\/\/simpletechprod.com\/wp-content\/uploads\/2025\/09\/iMac-116-2048x1152.png 2048w, https:\/\/simpletechprod.com\/wp-content\/uploads\/2025\/09\/iMac-116-1140x641.png 1140w\" sizes=\"auto, (max-width: 300px) 100vw, 300px\" \/><\/figure>\n\n\n\n<h2 class=\"wp-block-heading\">Angular et RxJS<\/h2>\n\n\n\n<p>Cette mini introduction \u00e0 RxJS vous donne les bases de RxJS. Vous y retrouverez les bases n\u00e9cessaires \u00e0 la compr\u00e9hension de RxJS ainsi que quelques op\u00e9rateurs communs.  <\/p>\n\n\n\n<div class=\"wp-block-buttons is-layout-flex wp-block-buttons-is-layout-flex\">\n<div class=\"wp-block-button\"><a class=\"wp-block-button__link wp-element-button\" href=\"https:\/\/simpletechprod.com\/?course=angular-et-rxjs-mini-introduction\">En lire plus<\/a><\/div>\n<\/div>\n<\/div>\n\n\n\n<div class=\"wp-block-column is-layout-flow wp-block-column-is-layout-flow\"><\/div>\n<\/div>\n\n\n\n<p><\/p>\n","protected":false},"excerpt":{"rendered":"<p>Nos cours Python pour d\u00e9butants Dans ce cours, vous apprendrez \u00e0 ma\u00eetriser le Python \u00e0 partir de z\u00e9ro. Angular 18 pour d\u00e9butants Dans ce cours, vous apprendrez \u00e0 ma\u00eetriser Angular 18. Pour suivre ce cours, il vous faudra des bases en HTML, CSS et Javascript. Angular en 2025 pour d\u00e9butants Dans ce cours, vous apprendrez \u00e0 ma\u00eetriser les versions les plus r\u00e9centes d&rsquo;Angular (20+). Pour suivre ce cours, il vous faudra des bases en HTML, CSS et Javascript. Python &#8211; Librairies \u00e0 conna\u00eetre Dans ce cours, je vous pr\u00e9sente des librairies utiles que vous pouvez utiliser en Python. Angular et RxJS Cette mini introduction \u00e0 RxJS vous donne les bases de RxJS. Vous y retrouverez les bases n\u00e9cessaires \u00e0 la compr\u00e9hension de RxJS ainsi que quelques op\u00e9rateurs communs.<\/p>\n","protected":false},"author":1,"featured_media":0,"parent":0,"menu_order":0,"comment_status":"closed","ping_status":"closed","template":"","meta":{"footnotes":""},"class_list":["post-37","page","type-page","status-publish","hentry"],"yoast_head":"<!-- This site is optimized with the Yoast SEO plugin v27.4 - https:\/\/yoast.com\/product\/yoast-seo-wordpress\/ -->\n<title>Nos cours - SimpleTech par Sergio Sousa<\/title>\n<meta name=\"robots\" content=\"index, follow, max-snippet:-1, max-image-preview:large, max-video-preview:-1\" \/>\n<link rel=\"canonical\" href=\"https:\/\/simpletechprod.com\/?page_id=37\" \/>\n<meta property=\"og:locale\" content=\"fr_FR\" \/>\n<meta property=\"og:type\" content=\"article\" \/>\n<meta property=\"og:title\" content=\"Nos cours - SimpleTech par Sergio Sousa\" \/>\n<meta property=\"og:description\" content=\"Nos cours Python pour d\u00e9butants Dans ce cours, vous apprendrez \u00e0 ma\u00eetriser le Python \u00e0 partir de z\u00e9ro. Angular 18 pour d\u00e9butants Dans ce cours, vous apprendrez \u00e0 ma\u00eetriser Angular 18. Pour suivre ce cours, il vous faudra des bases en HTML, CSS et Javascript. Angular en 2025 pour d\u00e9butants Dans ce cours, vous apprendrez \u00e0 ma\u00eetriser les versions les plus r\u00e9centes d&rsquo;Angular (20+). Pour suivre ce cours, il vous faudra des bases en HTML, CSS et Javascript. Python &#8211; Librairies \u00e0 conna\u00eetre Dans ce cours, je vous pr\u00e9sente des librairies utiles que vous pouvez utiliser en Python. Angular et RxJS Cette mini introduction \u00e0 RxJS vous donne les bases de RxJS. Vous y retrouverez les bases n\u00e9cessaires \u00e0 la compr\u00e9hension de RxJS ainsi que quelques op\u00e9rateurs communs.\" \/>\n<meta property=\"og:url\" content=\"https:\/\/simpletechprod.com\/?page_id=37\" \/>\n<meta property=\"og:site_name\" content=\"SimpleTech par Sergio Sousa\" \/>\n<meta property=\"article:modified_time\" content=\"2025-09-14T07:00:19+00:00\" \/>\n<meta property=\"og:image\" content=\"https:\/\/simpletechprod.com\/wp-content\/uploads\/2025\/08\/iMac-109.png\" \/>\n\t<meta property=\"og:image:width\" content=\"2560\" \/>\n\t<meta property=\"og:image:height\" content=\"1440\" \/>\n\t<meta property=\"og:image:type\" content=\"image\/png\" \/>\n<meta name=\"twitter:card\" content=\"summary_large_image\" \/>\n<meta name=\"twitter:label1\" content=\"Dur\u00e9e de lecture estim\u00e9e\" \/>\n\t<meta name=\"twitter:data1\" content=\"1 minute\" \/>\n<script type=\"application\/ld+json\" class=\"yoast-schema-graph\">{\"@context\":\"https:\\\/\\\/schema.org\",\"@graph\":[{\"@type\":\"WebPage\",\"@id\":\"https:\\\/\\\/simpletechprod.com\\\/?page_id=37\",\"url\":\"https:\\\/\\\/simpletechprod.com\\\/?page_id=37\",\"name\":\"Nos cours - SimpleTech par Sergio Sousa\",\"isPartOf\":{\"@id\":\"https:\\\/\\\/simpletechprod.com\\\/#website\"},\"primaryImageOfPage\":{\"@id\":\"https:\\\/\\\/simpletechprod.com\\\/?page_id=37#primaryimage\"},\"image\":{\"@id\":\"https:\\\/\\\/simpletechprod.com\\\/?page_id=37#primaryimage\"},\"thumbnailUrl\":\"https:\\\/\\\/simpletechprod.com\\\/wp-content\\\/uploads\\\/2025\\\/08\\\/iMac-109-300x169.png\",\"datePublished\":\"2025-08-17T17:54:22+00:00\",\"dateModified\":\"2025-09-14T07:00:19+00:00\",\"breadcrumb\":{\"@id\":\"https:\\\/\\\/simpletechprod.com\\\/?page_id=37#breadcrumb\"},\"inLanguage\":\"fr-FR\",\"potentialAction\":[{\"@type\":\"ReadAction\",\"target\":[\"https:\\\/\\\/simpletechprod.com\\\/?page_id=37\"]}]},{\"@type\":\"ImageObject\",\"inLanguage\":\"fr-FR\",\"@id\":\"https:\\\/\\\/simpletechprod.com\\\/?page_id=37#primaryimage\",\"url\":\"https:\\\/\\\/simpletechprod.com\\\/wp-content\\\/uploads\\\/2025\\\/08\\\/iMac-109.png\",\"contentUrl\":\"https:\\\/\\\/simpletechprod.com\\\/wp-content\\\/uploads\\\/2025\\\/08\\\/iMac-109.png\",\"width\":2560,\"height\":1440},{\"@type\":\"BreadcrumbList\",\"@id\":\"https:\\\/\\\/simpletechprod.com\\\/?page_id=37#breadcrumb\",\"itemListElement\":[{\"@type\":\"ListItem\",\"position\":1,\"name\":\"Accueil\",\"item\":\"https:\\\/\\\/simpletechprod.com\\\/\"},{\"@type\":\"ListItem\",\"position\":2,\"name\":\"Nos cours\"}]},{\"@type\":\"WebSite\",\"@id\":\"https:\\\/\\\/simpletechprod.com\\\/#website\",\"url\":\"https:\\\/\\\/simpletechprod.com\\\/\",\"name\":\"SimpleTech par Sergio Sousa\",\"description\":\"\",\"publisher\":{\"@id\":\"https:\\\/\\\/simpletechprod.com\\\/#organization\"},\"potentialAction\":[{\"@type\":\"SearchAction\",\"target\":{\"@type\":\"EntryPoint\",\"urlTemplate\":\"https:\\\/\\\/simpletechprod.com\\\/?s={search_term_string}\"},\"query-input\":{\"@type\":\"PropertyValueSpecification\",\"valueRequired\":true,\"valueName\":\"search_term_string\"}}],\"inLanguage\":\"fr-FR\"},{\"@type\":\"Organization\",\"@id\":\"https:\\\/\\\/simpletechprod.com\\\/#organization\",\"name\":\"SimpleTech par Sergio Sousa\",\"url\":\"https:\\\/\\\/simpletechprod.com\\\/\",\"logo\":{\"@type\":\"ImageObject\",\"inLanguage\":\"fr-FR\",\"@id\":\"https:\\\/\\\/simpletechprod.com\\\/#\\\/schema\\\/logo\\\/image\\\/\",\"url\":\"https:\\\/\\\/simpletechprod.com\\\/wp-content\\\/uploads\\\/2025\\\/08\\\/header.png\",\"contentUrl\":\"https:\\\/\\\/simpletechprod.com\\\/wp-content\\\/uploads\\\/2025\\\/08\\\/header.png\",\"width\":1500,\"height\":816,\"caption\":\"SimpleTech par Sergio Sousa\"},\"image\":{\"@id\":\"https:\\\/\\\/simpletechprod.com\\\/#\\\/schema\\\/logo\\\/image\\\/\"},\"sameAs\":[\"https:\\\/\\\/www.youtube.com\\\/channel\\\/UCIlhuaZJTbfiHju0GY2Fxrg\\\/\"]}]}<\/script>\n<!-- \/ Yoast SEO plugin. -->","yoast_head_json":{"title":"Nos cours - SimpleTech par Sergio Sousa","robots":{"index":"index","follow":"follow","max-snippet":"max-snippet:-1","max-image-preview":"max-image-preview:large","max-video-preview":"max-video-preview:-1"},"canonical":"https:\/\/simpletechprod.com\/?page_id=37","og_locale":"fr_FR","og_type":"article","og_title":"Nos cours - SimpleTech par Sergio Sousa","og_description":"Nos cours Python pour d\u00e9butants Dans ce cours, vous apprendrez \u00e0 ma\u00eetriser le Python \u00e0 partir de z\u00e9ro. Angular 18 pour d\u00e9butants Dans ce cours, vous apprendrez \u00e0 ma\u00eetriser Angular 18. Pour suivre ce cours, il vous faudra des bases en HTML, CSS et Javascript. Angular en 2025 pour d\u00e9butants Dans ce cours, vous apprendrez \u00e0 ma\u00eetriser les versions les plus r\u00e9centes d&rsquo;Angular (20+). Pour suivre ce cours, il vous faudra des bases en HTML, CSS et Javascript. Python &#8211; Librairies \u00e0 conna\u00eetre Dans ce cours, je vous pr\u00e9sente des librairies utiles que vous pouvez utiliser en Python. Angular et RxJS Cette mini introduction \u00e0 RxJS vous donne les bases de RxJS. Vous y retrouverez les bases n\u00e9cessaires \u00e0 la compr\u00e9hension de RxJS ainsi que quelques op\u00e9rateurs communs.","og_url":"https:\/\/simpletechprod.com\/?page_id=37","og_site_name":"SimpleTech par Sergio Sousa","article_modified_time":"2025-09-14T07:00:19+00:00","og_image":[{"width":2560,"height":1440,"url":"https:\/\/simpletechprod.com\/wp-content\/uploads\/2025\/08\/iMac-109.png","type":"image\/png"}],"twitter_card":"summary_large_image","twitter_misc":{"Dur\u00e9e de lecture estim\u00e9e":"1 minute"},"schema":{"@context":"https:\/\/schema.org","@graph":[{"@type":"WebPage","@id":"https:\/\/simpletechprod.com\/?page_id=37","url":"https:\/\/simpletechprod.com\/?page_id=37","name":"Nos cours - SimpleTech par Sergio Sousa","isPartOf":{"@id":"https:\/\/simpletechprod.com\/#website"},"primaryImageOfPage":{"@id":"https:\/\/simpletechprod.com\/?page_id=37#primaryimage"},"image":{"@id":"https:\/\/simpletechprod.com\/?page_id=37#primaryimage"},"thumbnailUrl":"https:\/\/simpletechprod.com\/wp-content\/uploads\/2025\/08\/iMac-109-300x169.png","datePublished":"2025-08-17T17:54:22+00:00","dateModified":"2025-09-14T07:00:19+00:00","breadcrumb":{"@id":"https:\/\/simpletechprod.com\/?page_id=37#breadcrumb"},"inLanguage":"fr-FR","potentialAction":[{"@type":"ReadAction","target":["https:\/\/simpletechprod.com\/?page_id=37"]}]},{"@type":"ImageObject","inLanguage":"fr-FR","@id":"https:\/\/simpletechprod.com\/?page_id=37#primaryimage","url":"https:\/\/simpletechprod.com\/wp-content\/uploads\/2025\/08\/iMac-109.png","contentUrl":"https:\/\/simpletechprod.com\/wp-content\/uploads\/2025\/08\/iMac-109.png","width":2560,"height":1440},{"@type":"BreadcrumbList","@id":"https:\/\/simpletechprod.com\/?page_id=37#breadcrumb","itemListElement":[{"@type":"ListItem","position":1,"name":"Accueil","item":"https:\/\/simpletechprod.com\/"},{"@type":"ListItem","position":2,"name":"Nos cours"}]},{"@type":"WebSite","@id":"https:\/\/simpletechprod.com\/#website","url":"https:\/\/simpletechprod.com\/","name":"SimpleTech par Sergio Sousa","description":"","publisher":{"@id":"https:\/\/simpletechprod.com\/#organization"},"potentialAction":[{"@type":"SearchAction","target":{"@type":"EntryPoint","urlTemplate":"https:\/\/simpletechprod.com\/?s={search_term_string}"},"query-input":{"@type":"PropertyValueSpecification","valueRequired":true,"valueName":"search_term_string"}}],"inLanguage":"fr-FR"},{"@type":"Organization","@id":"https:\/\/simpletechprod.com\/#organization","name":"SimpleTech par Sergio Sousa","url":"https:\/\/simpletechprod.com\/","logo":{"@type":"ImageObject","inLanguage":"fr-FR","@id":"https:\/\/simpletechprod.com\/#\/schema\/logo\/image\/","url":"https:\/\/simpletechprod.com\/wp-content\/uploads\/2025\/08\/header.png","contentUrl":"https:\/\/simpletechprod.com\/wp-content\/uploads\/2025\/08\/header.png","width":1500,"height":816,"caption":"SimpleTech par Sergio Sousa"},"image":{"@id":"https:\/\/simpletechprod.com\/#\/schema\/logo\/image\/"},"sameAs":["https:\/\/www.youtube.com\/channel\/UCIlhuaZJTbfiHju0GY2Fxrg\/"]}]}},"_links":{"self":[{"href":"https:\/\/simpletechprod.com\/index.php?rest_route=\/wp\/v2\/pages\/37","targetHints":{"allow":["GET"]}}],"collection":[{"href":"https:\/\/simpletechprod.com\/index.php?rest_route=\/wp\/v2\/pages"}],"about":[{"href":"https:\/\/simpletechprod.com\/index.php?rest_route=\/wp\/v2\/types\/page"}],"author":[{"embeddable":true,"href":"https:\/\/simpletechprod.com\/index.php?rest_route=\/wp\/v2\/users\/1"}],"replies":[{"embeddable":true,"href":"https:\/\/simpletechprod.com\/index.php?rest_route=%2Fwp%2Fv2%2Fcomments&post=37"}],"version-history":[{"count":6,"href":"https:\/\/simpletechprod.com\/index.php?rest_route=\/wp\/v2\/pages\/37\/revisions"}],"predecessor-version":[{"id":1356,"href":"https:\/\/simpletechprod.com\/index.php?rest_route=\/wp\/v2\/pages\/37\/revisions\/1356"}],"wp:attachment":[{"href":"https:\/\/simpletechprod.com\/index.php?rest_route=%2Fwp%2Fv2%2Fmedia&parent=37"}],"curies":[{"name":"wp","href":"https:\/\/api.w.org\/{rel}","templated":true}]}}